{"id":3,"date":"2019-05-22T10:52:19","date_gmt":"2019-05-22T10:52:19","guid":{"rendered":"https:\/\/www.tupropiaweb.net\/?page_id=3"},"modified":"2025-11-03T22:19:45","modified_gmt":"2025-11-03T20:19:45","slug":"politica-privacidad","status":"publish","type":"page","link":"https:\/\/www.informaticajuma.com\/?page_id=3","title":{"rendered":"Politica de privacidad"},"content":{"rendered":"<p>[vc_row css=\u00bb.vc_custom_1559152295513{padding-top: 15px !important;}\u00bb][vc_column][vc_column_text]La visita a este sitio Web no implica que el usuario est\u00e9 obligado a facilitar ninguna informaci\u00f3n. En el caso de que el usuario facilite alguna informaci\u00f3n de car\u00e1cter personal, los datos recogidos en este sitio web ser\u00e1n tratados de forma leal y l\u00edcita con sujeci\u00f3n en todo momento a los principios y derechos recogidos en el Reglamento (UE) 2016\/679, de 27 de abril, General de Protecci\u00f3n de Datos (RGPD) y dem\u00e1s normativa aplicable.<\/p>\r\n<p>En cumplimiento de lo dispuesto en el art\u00edculo 13 del RGPD te informamos de lo siguiente:<\/p>\r\n<h2 class=\"titulo-subrayado m-t-3 h3\">Responsable<\/h2>\r\n<p>GESTION INFORMATICA JUMA S.L. (en adelante, Inform\u00e1tica Juma)<\/p>\r\n<p>Calle Calzada de Castro, 18 Bajo, 04006 Almer\u00eda<\/p>\r\n<p>Tel\u00e9fono de contacto: 950 855 470<\/p>\r\n<h2 class=\"titulo-subrayado m-t-3 h3\">\u00bfQu\u00e9 hacemos con tus datos?<\/h2>\r\n<p>&#8211; Apartado\u00a0<strong>\u00abRegistrarse\u00bb<\/strong><br \/>La principal finalidad de dicho tratamiento es la gesti\u00f3n de los usuarios registrados en nuestra web, as\u00ed como el env\u00edo de publicidad relativa a los productos y servicios comercializados por Inform\u00e1tica Juma o para el env\u00edo de publicidad, descuentos y promociones de productos y servicios de otras entidades.<br \/>Inform\u00e1tica Juma asegura la confidencialidad de los datos aportados y garantiza que, en ning\u00fan caso, ser\u00e1n cedidos para ning\u00fan otro uso sin mediar consentimiento previo y expreso de nuestros usuarios. S\u00f3lo le pediremos aquellos datos necesarios para la prestaci\u00f3n del servicio requerido y \u00fanicamente ser\u00e1n empleados para este fin.<\/p>\r\n<p>&#8211; Apartado\u00a0<strong>\u00abCarrito\u00bb <\/strong>y <strong>\u00abFinalizar compra\u00bb<\/strong><br \/>La principal finalidad de dicho tratamiento es mantener la relaci\u00f3n contractual con nuestros clientes, facilitar la tramitaci\u00f3n de los pedidos, la realizaci\u00f3n de estudios estad\u00edsticos, as\u00ed como el env\u00edo de publicidad relativa a los productos y servicios comercializados por Inform\u00e1tica Juma o para el env\u00edo de publicidad, descuentos y promociones de productos y servicios de otras entidades.<\/p>\r\n<p>&#8211; Apartado\u00a0<strong>\u00abBases de concursos\u00bb<\/strong>\u00a0y\u00a0<strong>\u00abOfertas\u00bb<\/strong><br \/>El e-mail facilitado ser\u00e1 objeto de tratamiento por parte de Inform\u00e1tica Juma con la finalidad de enviar el bolet\u00edn de ofertas. Este Bolet\u00edn tiene car\u00e1cter exclusivamente informativo.<\/p>\r\n<p>&#8211;\u00a0<strong>Acciones de Marketing<\/strong>.<br \/>Inform\u00e1tica Juma podr\u00e1 utilizar dichos datos para informar sobre futuras promociones, ofertas y otras acciones comerciales en los casos en los que Vd. sea ya cliente o si no lo es, cuando Vd. nos haya proporcionado su consentimiento en el correspondiente apartado.<\/p>\r\n<p>&#8211; Apartado\u00a0<strong>\u00abFormulario de Contacto y Soporte On-Line\u00bb<\/strong><br \/>Recogeremos datos con el fin de gestionar el centro de soporte de Inform\u00e1tica Juma y el contacto con el cliente v\u00eda ticket a fin de poder atender su petici\u00f3n.<\/p>\r\n<p>&#8211;\u00a0<strong>Informaci\u00f3n recogida orientada a mejoras web<\/strong><br \/>Para mejorar nuestros servicios y la compra on-line estamos analizando el portal de Inform\u00e1tica Juma y la correcta navegaci\u00f3n del usuario. Esta informaci\u00f3n ser\u00e1 confidencial y \u00fanicamente ser\u00e1 utilizada para mejorar la seguridad y funcionamiento de nuestra tienda on-line y para fines estad\u00edsticos.<\/p>\r\n<h2 class=\"titulo-subrayado m-t-3 h3\">Base jur\u00eddica de los tratamientos<\/h2>\r\n<p>Para el registro, compra y la gesti\u00f3n de las garant\u00edas basaremos el tratamiento de los datos en la ejecuci\u00f3n del contrato de compra o en el marco de la relaci\u00f3n precontractual.<\/p>\r\n<p>Para el env\u00edo de informaci\u00f3n comercial basaremos el tratamiento en su consentimiento aunque si Vd. ya es cliente podremos enviarle informaci\u00f3n sobre productos similares proporcion\u00e1ndole siempre un medio sencillo y gratuito para darse de baja.<\/p>\r\n<p>El consentimiento aqu\u00ed prestado por el Titular para comunicaci\u00f3n de datos a terceros tiene car\u00e1cter revocable en todo momento, sin efectos retroactivos.<\/p>\r\n<h2 class=\"titulo-subrayado m-t-3 h3\">Destinatarios<\/h2>\r\n<p>Con motivo de la compra sus datos pueden ser comunicados a los siguientes destinatarios:<\/p>\r\n<ul>\r\n<li>Entidades bancarias para el pago las compras mediante tarjeta.<\/li>\r\n<li>A la Oficina de consumidores y usuarios en caso de existir alguna reclamaci\u00f3n.<\/li>\r\n<li>A los fabricantes, Servicios t\u00e9cnicos y\/o mayoristas en el caso de garant\u00edas o reparaciones. A aquellas empresas transportistas que puedan tener encargado el env\u00edo a los clientes de los pedidos correspondientes. Estos destinatarios pueden estar ubicados dentro del territorio espa\u00f1ol como en fuera del mismo, en funci\u00f3n del producto y\/o servicio adquirido.<\/li>\r\n<li>En los supuestos legalmente establecidos, como es el caso de las Fuerzas y Cuerpos de Seguridad.<\/li>\r\n<li>A las administraciones p\u00fablicas a las que tengamos que facilitar informaci\u00f3n con motivo del cumplimiento de nuestras obligaciones legales.<\/li>\r\n<\/ul>\r\n<p>Para el env\u00edo de newsletters o boletines de noticias es posible que utilicemos la herramienta Mailchimp que pertenece a la compa\u00f1\u00eda estadounidense The Rocket Science Group, LLC. Por lo tanto, estar\u00edamos ante una transferencia internacional de sus datos para prestar \u00fanicamente este servicio. Puedes encontrar informaci\u00f3n sobre esta compa\u00f1\u00eda y su pol\u00edtica de privacidad aqu\u00ed. Adem\u00e1s, esta compa\u00f1\u00eda se encuentra adherida al protocolo Privacy Shield que permite las transferencias internacionales de datos entre la Uni\u00f3n Europea y Estados Unidos.<\/p>\r\n<p>El uso de Mailchimp no es una cesi\u00f3n de datos, sino que los datos s\u00f3lo se usar\u00e1n por esta plataforma \u00fanica y exclusivamente para remitir los boletines y siempre con su consentimiento.<\/p>\r\n<p>Inform\u00e1tica Juma asegura la confidencialidad de los datos aportados y garantiza que, en ning\u00fan caso, ser\u00e1n cedidos para ning\u00fan otro uso sin mediar consentimiento previo y expreso de nuestros clientes. S\u00f3lo le pediremos aquellos datos necesarios para la prestaci\u00f3n del servicio requerido y \u00fanicamente ser\u00e1n empleados para este fin.<\/p>\r\n<h2 class=\"titulo-subrayado m-t-3 h3\">Derechos de los interesados<\/h2>\r\n<p>El interesado tiene los siguientes derechos:<\/p>\r\n<ul>\r\n<li>Podr\u00e1 solicitar informaci\u00f3n sobre los datos de car\u00e1cter personal almacenados que le conciernan (acceso)<\/li>\r\n<li>Podr\u00e1 solicitar que se corrija la inexactitud de sus datos personales. (rectificaci\u00f3n)<\/li>\r\n<li>Podr\u00e1 solicitar la eliminaci\u00f3n o limitaci\u00f3n del tratamiento de sus datos personales y (supresi\u00f3n y limitaci\u00f3n)<\/li>\r\n<li>Tambi\u00e9n podr\u00e1 solicitar que se le pongan a disposici\u00f3n sus datos personales en un formato estructurado, corriente y de lectura mec\u00e1nica.(portabilidad)<\/li>\r\n<\/ul>\r\n<p>Para ello deber\u00e1 dirigirse por escrito adjuntando una copia del DNI o documento que le identifique, a la direcci\u00f3n C\/Calzada de castro, 18 Bajo, 04006 Almer\u00eda, tambi\u00e9n a trav\u00e9s de nuestro formulario o al correo electr\u00f3nico lopd@informaticajuma.com. Inform\u00e1tica Juma .<\/p>\r\n<p>El interesado tambi\u00e9n tiene derecho a presentar una reclamaci\u00f3n ante las autoridades de protecci\u00f3n de datos (Agencia Espa\u00f1ola de Protecci\u00f3n de Datos). No obstante, cualquier cuesti\u00f3n relacionada con los datos le invitamos a contactar con nosotros para solucionarla.<\/p>\r\n<h2 class=\"titulo-subrayado m-t-3 h3\">Delegado de protecci\u00f3n de datos<\/h2>\r\n<p>Hemos designado un delegado de protecci\u00f3n de datos (DPO) para cualquier cuesti\u00f3n relacionada con sus datos personales. Puede contactar con \u00e9l a trav\u00e9s de la direcci\u00f3n lopd@informaticajuma.com<\/p>\r\n<h2 class=\"titulo-subrayado m-t-3 h3\">Calidad de los datos<\/h2>\r\n<p>Los usuarios deber\u00e1n garantizar la veracidad, exactitud, autenticidad y vigencia de los datos de car\u00e1cter personal que les hayan sido recogidos.<\/p>\r\n<h2 class=\"titulo-subrayado m-t-3 h3\">Protecci\u00f3n de los menores<\/h2>\r\n<p>No recogemos datos personales de menores. Es responsabilidad del padre\/madre\/tutor legal velar por para la privacidad de los menores, haciendo todo lo posible para asegurar que han autorizado la recogida y el uso de los datos personales del menor.<\/p>\r\n<h2 class=\"titulo-subrayado m-t-3 h3\">Redes Sociales<\/h2>\r\n<p>A trav\u00e9s de nuestra p\u00e1gina web puede acceder a las redes sociales Facebook, Twitter o Youtube de acceso abierto a todos los usuarios. Se trata de sitios web donde el usuario puede registrase y seguirnos gratuitamente. En estas redes sociales los usuarios podr\u00e1n conocer de nuestras actividades, opiniones, acceder a las fotos y v\u00eddeos. Los usuarios de estas redes sociales deben ser conscientes de que este lugar es independiente de la web www.informaticajuma.com y est\u00e1 abierto, es decir, es visible para todos sus usuarios, y las pol\u00edticas de privacidad a aplicar a estos contenidos son las fijadas por Facebook, Twitter o Youtube. Inform\u00e1tica Juma no es titular de las redes sociales.<\/p>\r\n<p><b>Actualizado: 25 de mayo de 2018<\/b><\/p>\r\n<p>[\/vc_column_text][\/vc_column][\/vc_row]<\/p>","protected":false},"excerpt":{"rendered":"<p>[vc_row css=\u00bb.vc_custom_1559152295513{padding-top: 15px !important;}\u00bb][vc_column][vc_column_text]La visita a este sitio Web no implica que el usuario est\u00e9 obligado a facilitar ninguna informaci\u00f3n. En el caso de que el usuario facilite alguna informaci\u00f3n de car\u00e1cter personal, los datos recogidos en este sitio web ser\u00e1n tratados de forma leal y l\u00edcita con sujeci\u00f3n en todo momento a los principios&hellip;<\/p>\n","protected":false},"author":1,"featured_media":0,"parent":0,"menu_order":0,"comment_status":"closed","ping_status":"closed","template":"template-microsite.php","meta":{"footnotes":""},"class_list":["post-3","page","type-page","status-publish","hentry","description-off"],"aioseo_notices":[],"jetpack_sharing_enabled":true,"_links":{"self":[{"href":"https:\/\/www.informaticajuma.com\/index.php?rest_route=\/wp\/v2\/pages\/3","targetHints":{"allow":["GET"]}}],"collection":[{"href":"https:\/\/www.informaticajuma.com\/index.php?rest_route=\/wp\/v2\/pages"}],"about":[{"href":"https:\/\/www.informaticajuma.com\/index.php?rest_route=\/wp\/v2\/types\/page"}],"author":[{"embeddable":true,"href":"https:\/\/www.informaticajuma.com\/index.php?rest_route=\/wp\/v2\/users\/1"}],"replies":[{"embeddable":true,"href":"https:\/\/www.informaticajuma.com\/index.php?rest_route=%2Fwp%2Fv2%2Fcomments&post=3"}],"version-history":[{"count":5,"href":"https:\/\/www.informaticajuma.com\/index.php?rest_route=\/wp\/v2\/pages\/3\/revisions"}],"predecessor-version":[{"id":407,"href":"https:\/\/www.informaticajuma.com\/index.php?rest_route=\/wp\/v2\/pages\/3\/revisions\/407"}],"wp:attachment":[{"href":"https:\/\/www.informaticajuma.com\/index.php?rest_route=%2Fwp%2Fv2%2Fmedia&parent=3"}],"curies":[{"name":"wp","href":"https:\/\/api.w.org\/{rel}","templated":true}]}}